{"id":2202,"date":"2022-01-13T22:00:12","date_gmt":"2022-01-14T01:00:12","guid":{"rendered":"https:\/\/mariaineslukacs.com.br\/?post_type=product&#038;p=2202"},"modified":"2022-01-23T16:32:48","modified_gmt":"2022-01-23T19:32:48","slug":"passage-to-the-future","status":"publish","type":"product","link":"https:\/\/mariaineslukacs.com.br\/index.php\/produto\/passage-to-the-future\/","title":{"rendered":"Passage to the future"},"content":{"rendered":"<p>Dimens\u00f5es: 41 x 31,5 cm<\/p>\n<p>Moldura n\u00e3o inclusa.<\/p>\n","protected":false},"excerpt":{"rendered":"<p>Titulo: Passage to the future<\/p>\n<p>Dimens\u00f5es: 41 x 31,5 cm<\/p>\n<p>Aten\u00e7\u00e3o: Moldura n\u00e3o inclusa.<\/p>\n","protected":false},"featured_media":2571,"template":"","meta":{"jetpack_post_was_ever_published":false},"product_cat":[67],"product_tag":[],"class_list":{"0":"post-2202","1":"product","2":"type-product","3":"status-publish","4":"has-post-thumbnail","6":"product_cat-aquarela","8":"first","9":"instock","10":"sold-individually","11":"shipping-taxable","12":"purchasable","13":"product-type-simple"},"yoast_head":"<!-- This site is optimized with the Yoast SEO plugin v23.9 - https:\/\/yoast.com\/wordpress\/plugins\/seo\/ -->\n<title>Passage to the future - Maria In\u00eas Lukacs<\/title>\n<meta name=\"robots\" content=\"index, follow, max-snippet:-1, max-image-preview:large, max-video-preview:-1\" \/>\n<link rel=\"canonical\" href=\"https:\/\/mariaineslukacs.com.br\/index.php\/produto\/passage-to-the-future\/\" \/>\n<meta property=\"og:locale\" content=\"pt_BR\" \/>\n<meta property=\"og:type\" content=\"article\" \/>\n<meta property=\"og:title\" content=\"Passage to the future - Maria In\u00eas Lukacs\" \/>\n<meta property=\"og:description\" content=\"Titulo: Passage to the future  Dimens\u00f5es: 41 x 31,5 cm  Aten\u00e7\u00e3o: Moldura n\u00e3o inclusa.\" \/>\n<meta property=\"og:url\" content=\"https:\/\/mariaineslukacs.com.br\/index.php\/produto\/passage-to-the-future\/\" \/>\n<meta property=\"og:site_name\" content=\"Maria In\u00eas Lukacs\" \/>\n<meta property=\"article:modified_time\" content=\"2022-01-23T19:32:48+00:00\" \/>\n<meta property=\"og:image\" content=\"https:\/\/mariaineslukacs.com.br\/wp-content\/uploads\/2022\/01\/Passage-to-the-future-1.jpg\" \/>\n\t<meta property=\"og:image:width\" content=\"800\" \/>\n\t<meta property=\"og:image:height\" content=\"1057\" \/>\n\t<meta property=\"og:image:type\" content=\"image\/jpeg\" \/>\n<meta name=\"twitter:card\" content=\"summary_large_image\" \/>\n<meta name=\"twitter:label1\" content=\"Est. tempo de leitura\" \/>\n\t<meta name=\"twitter:data1\" content=\"1 minuto\" \/>\n<script type=\"application\/ld+json\" class=\"yoast-schema-graph\">{\"@context\":\"https:\/\/schema.org\",\"@graph\":[{\"@type\":\"WebPage\",\"@id\":\"https:\/\/mariaineslukacs.com.br\/index.php\/produto\/passage-to-the-future\/\",\"url\":\"https:\/\/mariaineslukacs.com.br\/index.php\/produto\/passage-to-the-future\/\",\"name\":\"Passage to the future - Maria In\u00eas Lukacs\",\"isPartOf\":{\"@id\":\"https:\/\/mariaineslukacs.com.br\/#website\"},\"primaryImageOfPage\":{\"@id\":\"https:\/\/mariaineslukacs.com.br\/index.php\/produto\/passage-to-the-future\/#primaryimage\"},\"image\":{\"@id\":\"https:\/\/mariaineslukacs.com.br\/index.php\/produto\/passage-to-the-future\/#primaryimage\"},\"thumbnailUrl\":\"https:\/\/mariaineslukacs.com.br\/wp-content\/uploads\/2022\/01\/Passage-to-the-future-1.jpg\",\"datePublished\":\"2022-01-14T01:00:12+00:00\",\"dateModified\":\"2022-01-23T19:32:48+00:00\",\"breadcrumb\":{\"@id\":\"https:\/\/mariaineslukacs.com.br\/index.php\/produto\/passage-to-the-future\/#breadcrumb\"},\"inLanguage\":\"pt-BR\",\"potentialAction\":[{\"@type\":\"ReadAction\",\"target\":[\"https:\/\/mariaineslukacs.com.br\/index.php\/produto\/passage-to-the-future\/\"]}]},{\"@type\":\"ImageObject\",\"inLanguage\":\"pt-BR\",\"@id\":\"https:\/\/mariaineslukacs.com.br\/index.php\/produto\/passage-to-the-future\/#primaryimage\",\"url\":\"https:\/\/mariaineslukacs.com.br\/wp-content\/uploads\/2022\/01\/Passage-to-the-future-1.jpg\",\"contentUrl\":\"https:\/\/mariaineslukacs.com.br\/wp-content\/uploads\/2022\/01\/Passage-to-the-future-1.jpg\",\"width\":800,\"height\":1057},{\"@type\":\"BreadcrumbList\",\"@id\":\"https:\/\/mariaineslukacs.com.br\/index.php\/produto\/passage-to-the-future\/#breadcrumb\",\"itemListElement\":[{\"@type\":\"ListItem\",\"position\":1,\"name\":\"In\u00edcio\",\"item\":\"https:\/\/mariaineslukacs.com.br\/\"},{\"@type\":\"ListItem\",\"position\":2,\"name\":\"Loja de artes\",\"item\":\"https:\/\/mariaineslukacs.com.br\/index.php\/loja-de-artes\/\"},{\"@type\":\"ListItem\",\"position\":3,\"name\":\"Passage to the future\"}]},{\"@type\":\"WebSite\",\"@id\":\"https:\/\/mariaineslukacs.com.br\/#website\",\"url\":\"https:\/\/mariaineslukacs.com.br\/\",\"name\":\"Maria In\u00eas Lukacs\",\"description\":\"Aquarelista premiada internacionalmente\",\"potentialAction\":[{\"@type\":\"SearchAction\",\"target\":{\"@type\":\"EntryPoint\",\"urlTemplate\":\"https:\/\/mariaineslukacs.com.br\/?s={search_term_string}\"},\"query-input\":{\"@type\":\"PropertyValueSpecification\",\"valueRequired\":true,\"valueName\":\"search_term_string\"}}],\"inLanguage\":\"pt-BR\"}]}<\/script>\n<!-- \/ Yoast SEO plugin. -->","yoast_head_json":{"title":"Passage to the future - Maria In\u00eas Lukacs","robots":{"index":"index","follow":"follow","max-snippet":"max-snippet:-1","max-image-preview":"max-image-preview:large","max-video-preview":"max-video-preview:-1"},"canonical":"https:\/\/mariaineslukacs.com.br\/index.php\/produto\/passage-to-the-future\/","og_locale":"pt_BR","og_type":"article","og_title":"Passage to the future - Maria In\u00eas Lukacs","og_description":"Titulo: Passage to the future  Dimens\u00f5es: 41 x 31,5 cm  Aten\u00e7\u00e3o: Moldura n\u00e3o inclusa.","og_url":"https:\/\/mariaineslukacs.com.br\/index.php\/produto\/passage-to-the-future\/","og_site_name":"Maria In\u00eas Lukacs","article_modified_time":"2022-01-23T19:32:48+00:00","og_image":[{"width":800,"height":1057,"url":"https:\/\/mariaineslukacs.com.br\/wp-content\/uploads\/2022\/01\/Passage-to-the-future-1.jpg","type":"image\/jpeg"}],"twitter_card":"summary_large_image","twitter_misc":{"Est. tempo de leitura":"1 minuto"},"schema":{"@context":"https:\/\/schema.org","@graph":[{"@type":"WebPage","@id":"https:\/\/mariaineslukacs.com.br\/index.php\/produto\/passage-to-the-future\/","url":"https:\/\/mariaineslukacs.com.br\/index.php\/produto\/passage-to-the-future\/","name":"Passage to the future - Maria In\u00eas Lukacs","isPartOf":{"@id":"https:\/\/mariaineslukacs.com.br\/#website"},"primaryImageOfPage":{"@id":"https:\/\/mariaineslukacs.com.br\/index.php\/produto\/passage-to-the-future\/#primaryimage"},"image":{"@id":"https:\/\/mariaineslukacs.com.br\/index.php\/produto\/passage-to-the-future\/#primaryimage"},"thumbnailUrl":"https:\/\/mariaineslukacs.com.br\/wp-content\/uploads\/2022\/01\/Passage-to-the-future-1.jpg","datePublished":"2022-01-14T01:00:12+00:00","dateModified":"2022-01-23T19:32:48+00:00","breadcrumb":{"@id":"https:\/\/mariaineslukacs.com.br\/index.php\/produto\/passage-to-the-future\/#breadcrumb"},"inLanguage":"pt-BR","potentialAction":[{"@type":"ReadAction","target":["https:\/\/mariaineslukacs.com.br\/index.php\/produto\/passage-to-the-future\/"]}]},{"@type":"ImageObject","inLanguage":"pt-BR","@id":"https:\/\/mariaineslukacs.com.br\/index.php\/produto\/passage-to-the-future\/#primaryimage","url":"https:\/\/mariaineslukacs.com.br\/wp-content\/uploads\/2022\/01\/Passage-to-the-future-1.jpg","contentUrl":"https:\/\/mariaineslukacs.com.br\/wp-content\/uploads\/2022\/01\/Passage-to-the-future-1.jpg","width":800,"height":1057},{"@type":"BreadcrumbList","@id":"https:\/\/mariaineslukacs.com.br\/index.php\/produto\/passage-to-the-future\/#breadcrumb","itemListElement":[{"@type":"ListItem","position":1,"name":"In\u00edcio","item":"https:\/\/mariaineslukacs.com.br\/"},{"@type":"ListItem","position":2,"name":"Loja de artes","item":"https:\/\/mariaineslukacs.com.br\/index.php\/loja-de-artes\/"},{"@type":"ListItem","position":3,"name":"Passage to the future"}]},{"@type":"WebSite","@id":"https:\/\/mariaineslukacs.com.br\/#website","url":"https:\/\/mariaineslukacs.com.br\/","name":"Maria In\u00eas Lukacs","description":"Aquarelista premiada internacionalmente","potentialAction":[{"@type":"SearchAction","target":{"@type":"EntryPoint","urlTemplate":"https:\/\/mariaineslukacs.com.br\/?s={search_term_string}"},"query-input":{"@type":"PropertyValueSpecification","valueRequired":true,"valueName":"search_term_string"}}],"inLanguage":"pt-BR"}]}},"jetpack_sharing_enabled":true,"jetpack-related-posts":[],"_links":{"self":[{"href":"https:\/\/mariaineslukacs.com.br\/index.php\/wp-json\/wp\/v2\/product\/2202","targetHints":{"allow":["GET"]}}],"collection":[{"href":"https:\/\/mariaineslukacs.com.br\/index.php\/wp-json\/wp\/v2\/product"}],"about":[{"href":"https:\/\/mariaineslukacs.com.br\/index.php\/wp-json\/wp\/v2\/types\/product"}],"wp:featuredmedia":[{"embeddable":true,"href":"https:\/\/mariaineslukacs.com.br\/index.php\/wp-json\/wp\/v2\/media\/2571"}],"wp:attachment":[{"href":"https:\/\/mariaineslukacs.com.br\/index.php\/wp-json\/wp\/v2\/media?parent=2202"}],"wp:term":[{"taxonomy":"product_cat","embeddable":true,"href":"https:\/\/mariaineslukacs.com.br\/index.php\/wp-json\/wp\/v2\/product_cat?post=2202"},{"taxonomy":"product_tag","embeddable":true,"href":"https:\/\/mariaineslukacs.com.br\/index.php\/wp-json\/wp\/v2\/product_tag?post=2202"}],"curies":[{"name":"wp","href":"https:\/\/api.w.org\/{rel}","templated":true}]}}