{"id":2197,"date":"2022-01-13T21:52:26","date_gmt":"2022-01-14T00:52:26","guid":{"rendered":"https:\/\/mariaineslukacs.com.br\/?post_type=product&#038;p=2197"},"modified":"2022-01-23T16:33:47","modified_gmt":"2022-01-23T19:33:47","slug":"caminhos-a-percorrer","status":"publish","type":"product","link":"https:\/\/mariaineslukacs.com.br\/index.php\/produto\/caminhos-a-percorrer\/","title":{"rendered":"Caminhos a percorrer"},"content":{"rendered":"<p>Dimens\u00f5es: 31,5 x 41 cm<\/p>\n<p>Moldura n\u00e3o inclusa.<\/p>\n","protected":false},"excerpt":{"rendered":"<p>Titulo: Caminhos a percorrer<\/p>\n<p>Dimens\u00f5es: 31,5 x 41 cm<\/p>\n<p>Aten\u00e7\u00e3o: Moldura n\u00e3o inclusa.<\/p>\n","protected":false},"featured_media":2573,"template":"","meta":{"jetpack_post_was_ever_published":false},"product_cat":[67],"product_tag":[],"class_list":{"0":"post-2197","1":"product","2":"type-product","3":"status-publish","4":"has-post-thumbnail","6":"product_cat-aquarela","8":"first","9":"instock","10":"sold-individually","11":"shipping-taxable","12":"purchasable","13":"product-type-simple"},"yoast_head":"<!-- This site is optimized with the Yoast SEO plugin v23.9 - https:\/\/yoast.com\/wordpress\/plugins\/seo\/ -->\n<title>Caminhos a percorrer - Maria In\u00eas Lukacs<\/title>\n<meta name=\"robots\" content=\"index, follow, max-snippet:-1, max-image-preview:large, max-video-preview:-1\" \/>\n<link rel=\"canonical\" href=\"https:\/\/mariaineslukacs.com.br\/index.php\/produto\/caminhos-a-percorrer\/\" \/>\n<meta property=\"og:locale\" content=\"pt_BR\" \/>\n<meta property=\"og:type\" content=\"article\" \/>\n<meta property=\"og:title\" content=\"Caminhos a percorrer - Maria In\u00eas Lukacs\" \/>\n<meta property=\"og:description\" content=\"Titulo: Caminhos a percorrer  Dimens\u00f5es: 31,5 x 41 cm  Aten\u00e7\u00e3o: Moldura n\u00e3o inclusa.\" \/>\n<meta property=\"og:url\" content=\"https:\/\/mariaineslukacs.com.br\/index.php\/produto\/caminhos-a-percorrer\/\" \/>\n<meta property=\"og:site_name\" content=\"Maria In\u00eas Lukacs\" \/>\n<meta property=\"article:modified_time\" content=\"2022-01-23T19:33:47+00:00\" \/>\n<meta property=\"og:image\" content=\"https:\/\/mariaineslukacs.com.br\/wp-content\/uploads\/2022\/01\/Caminhos-a-percorrer.jpg\" \/>\n\t<meta property=\"og:image:width\" content=\"800\" \/>\n\t<meta property=\"og:image:height\" content=\"617\" \/>\n\t<meta property=\"og:image:type\" content=\"image\/jpeg\" \/>\n<meta name=\"twitter:card\" content=\"summary_large_image\" \/>\n<meta name=\"twitter:label1\" content=\"Est. tempo de leitura\" \/>\n\t<meta name=\"twitter:data1\" content=\"1 minuto\" \/>\n<script type=\"application\/ld+json\" class=\"yoast-schema-graph\">{\"@context\":\"https:\/\/schema.org\",\"@graph\":[{\"@type\":\"WebPage\",\"@id\":\"https:\/\/mariaineslukacs.com.br\/index.php\/produto\/caminhos-a-percorrer\/\",\"url\":\"https:\/\/mariaineslukacs.com.br\/index.php\/produto\/caminhos-a-percorrer\/\",\"name\":\"Caminhos a percorrer - Maria In\u00eas Lukacs\",\"isPartOf\":{\"@id\":\"https:\/\/mariaineslukacs.com.br\/#website\"},\"primaryImageOfPage\":{\"@id\":\"https:\/\/mariaineslukacs.com.br\/index.php\/produto\/caminhos-a-percorrer\/#primaryimage\"},\"image\":{\"@id\":\"https:\/\/mariaineslukacs.com.br\/index.php\/produto\/caminhos-a-percorrer\/#primaryimage\"},\"thumbnailUrl\":\"https:\/\/mariaineslukacs.com.br\/wp-content\/uploads\/2022\/01\/Caminhos-a-percorrer.jpg\",\"datePublished\":\"2022-01-14T00:52:26+00:00\",\"dateModified\":\"2022-01-23T19:33:47+00:00\",\"breadcrumb\":{\"@id\":\"https:\/\/mariaineslukacs.com.br\/index.php\/produto\/caminhos-a-percorrer\/#breadcrumb\"},\"inLanguage\":\"pt-BR\",\"potentialAction\":[{\"@type\":\"ReadAction\",\"target\":[\"https:\/\/mariaineslukacs.com.br\/index.php\/produto\/caminhos-a-percorrer\/\"]}]},{\"@type\":\"ImageObject\",\"inLanguage\":\"pt-BR\",\"@id\":\"https:\/\/mariaineslukacs.com.br\/index.php\/produto\/caminhos-a-percorrer\/#primaryimage\",\"url\":\"https:\/\/mariaineslukacs.com.br\/wp-content\/uploads\/2022\/01\/Caminhos-a-percorrer.jpg\",\"contentUrl\":\"https:\/\/mariaineslukacs.com.br\/wp-content\/uploads\/2022\/01\/Caminhos-a-percorrer.jpg\",\"width\":800,\"height\":617},{\"@type\":\"BreadcrumbList\",\"@id\":\"https:\/\/mariaineslukacs.com.br\/index.php\/produto\/caminhos-a-percorrer\/#breadcrumb\",\"itemListElement\":[{\"@type\":\"ListItem\",\"position\":1,\"name\":\"In\u00edcio\",\"item\":\"https:\/\/mariaineslukacs.com.br\/\"},{\"@type\":\"ListItem\",\"position\":2,\"name\":\"Loja de artes\",\"item\":\"https:\/\/mariaineslukacs.com.br\/index.php\/loja-de-artes\/\"},{\"@type\":\"ListItem\",\"position\":3,\"name\":\"Caminhos a percorrer\"}]},{\"@type\":\"WebSite\",\"@id\":\"https:\/\/mariaineslukacs.com.br\/#website\",\"url\":\"https:\/\/mariaineslukacs.com.br\/\",\"name\":\"Maria In\u00eas Lukacs\",\"description\":\"Aquarelista premiada internacionalmente\",\"potentialAction\":[{\"@type\":\"SearchAction\",\"target\":{\"@type\":\"EntryPoint\",\"urlTemplate\":\"https:\/\/mariaineslukacs.com.br\/?s={search_term_string}\"},\"query-input\":{\"@type\":\"PropertyValueSpecification\",\"valueRequired\":true,\"valueName\":\"search_term_string\"}}],\"inLanguage\":\"pt-BR\"}]}<\/script>\n<!-- \/ Yoast SEO plugin. -->","yoast_head_json":{"title":"Caminhos a percorrer - Maria In\u00eas Lukacs","robots":{"index":"index","follow":"follow","max-snippet":"max-snippet:-1","max-image-preview":"max-image-preview:large","max-video-preview":"max-video-preview:-1"},"canonical":"https:\/\/mariaineslukacs.com.br\/index.php\/produto\/caminhos-a-percorrer\/","og_locale":"pt_BR","og_type":"article","og_title":"Caminhos a percorrer - Maria In\u00eas Lukacs","og_description":"Titulo: Caminhos a percorrer  Dimens\u00f5es: 31,5 x 41 cm  Aten\u00e7\u00e3o: Moldura n\u00e3o inclusa.","og_url":"https:\/\/mariaineslukacs.com.br\/index.php\/produto\/caminhos-a-percorrer\/","og_site_name":"Maria In\u00eas Lukacs","article_modified_time":"2022-01-23T19:33:47+00:00","og_image":[{"width":800,"height":617,"url":"https:\/\/mariaineslukacs.com.br\/wp-content\/uploads\/2022\/01\/Caminhos-a-percorrer.jpg","type":"image\/jpeg"}],"twitter_card":"summary_large_image","twitter_misc":{"Est. tempo de leitura":"1 minuto"},"schema":{"@context":"https:\/\/schema.org","@graph":[{"@type":"WebPage","@id":"https:\/\/mariaineslukacs.com.br\/index.php\/produto\/caminhos-a-percorrer\/","url":"https:\/\/mariaineslukacs.com.br\/index.php\/produto\/caminhos-a-percorrer\/","name":"Caminhos a percorrer - Maria In\u00eas Lukacs","isPartOf":{"@id":"https:\/\/mariaineslukacs.com.br\/#website"},"primaryImageOfPage":{"@id":"https:\/\/mariaineslukacs.com.br\/index.php\/produto\/caminhos-a-percorrer\/#primaryimage"},"image":{"@id":"https:\/\/mariaineslukacs.com.br\/index.php\/produto\/caminhos-a-percorrer\/#primaryimage"},"thumbnailUrl":"https:\/\/mariaineslukacs.com.br\/wp-content\/uploads\/2022\/01\/Caminhos-a-percorrer.jpg","datePublished":"2022-01-14T00:52:26+00:00","dateModified":"2022-01-23T19:33:47+00:00","breadcrumb":{"@id":"https:\/\/mariaineslukacs.com.br\/index.php\/produto\/caminhos-a-percorrer\/#breadcrumb"},"inLanguage":"pt-BR","potentialAction":[{"@type":"ReadAction","target":["https:\/\/mariaineslukacs.com.br\/index.php\/produto\/caminhos-a-percorrer\/"]}]},{"@type":"ImageObject","inLanguage":"pt-BR","@id":"https:\/\/mariaineslukacs.com.br\/index.php\/produto\/caminhos-a-percorrer\/#primaryimage","url":"https:\/\/mariaineslukacs.com.br\/wp-content\/uploads\/2022\/01\/Caminhos-a-percorrer.jpg","contentUrl":"https:\/\/mariaineslukacs.com.br\/wp-content\/uploads\/2022\/01\/Caminhos-a-percorrer.jpg","width":800,"height":617},{"@type":"BreadcrumbList","@id":"https:\/\/mariaineslukacs.com.br\/index.php\/produto\/caminhos-a-percorrer\/#breadcrumb","itemListElement":[{"@type":"ListItem","position":1,"name":"In\u00edcio","item":"https:\/\/mariaineslukacs.com.br\/"},{"@type":"ListItem","position":2,"name":"Loja de artes","item":"https:\/\/mariaineslukacs.com.br\/index.php\/loja-de-artes\/"},{"@type":"ListItem","position":3,"name":"Caminhos a percorrer"}]},{"@type":"WebSite","@id":"https:\/\/mariaineslukacs.com.br\/#website","url":"https:\/\/mariaineslukacs.com.br\/","name":"Maria In\u00eas Lukacs","description":"Aquarelista premiada internacionalmente","potentialAction":[{"@type":"SearchAction","target":{"@type":"EntryPoint","urlTemplate":"https:\/\/mariaineslukacs.com.br\/?s={search_term_string}"},"query-input":{"@type":"PropertyValueSpecification","valueRequired":true,"valueName":"search_term_string"}}],"inLanguage":"pt-BR"}]}},"jetpack_sharing_enabled":true,"jetpack-related-posts":[],"_links":{"self":[{"href":"https:\/\/mariaineslukacs.com.br\/index.php\/wp-json\/wp\/v2\/product\/2197","targetHints":{"allow":["GET"]}}],"collection":[{"href":"https:\/\/mariaineslukacs.com.br\/index.php\/wp-json\/wp\/v2\/product"}],"about":[{"href":"https:\/\/mariaineslukacs.com.br\/index.php\/wp-json\/wp\/v2\/types\/product"}],"wp:featuredmedia":[{"embeddable":true,"href":"https:\/\/mariaineslukacs.com.br\/index.php\/wp-json\/wp\/v2\/media\/2573"}],"wp:attachment":[{"href":"https:\/\/mariaineslukacs.com.br\/index.php\/wp-json\/wp\/v2\/media?parent=2197"}],"wp:term":[{"taxonomy":"product_cat","embeddable":true,"href":"https:\/\/mariaineslukacs.com.br\/index.php\/wp-json\/wp\/v2\/product_cat?post=2197"},{"taxonomy":"product_tag","embeddable":true,"href":"https:\/\/mariaineslukacs.com.br\/index.php\/wp-json\/wp\/v2\/product_tag?post=2197"}],"curies":[{"name":"wp","href":"https:\/\/api.w.org\/{rel}","templated":true}]}}