{"id":2514,"date":"2022-01-22T16:12:09","date_gmt":"2022-01-22T19:12:09","guid":{"rendered":"https:\/\/mariaineslukacs.com.br\/?page_id=2514"},"modified":"2022-02-18T14:35:05","modified_gmt":"2022-02-18T17:35:05","slug":"acervo","status":"publish","type":"page","link":"https:\/\/mariaineslukacs.com.br\/index.php\/acervo\/","title":{"rendered":"Acervo"},"content":{"rendered":"<div class=\"fusion-fullwidth fullwidth-box fusion-builder-row-1 fusion-flex-container nonhundred-percent-fullwidth non-hundred-percent-height-scrolling\" style=\"background-color: rgba(255,255,255,0);background-position: center center;background-repeat: no-repeat;border-width: 0px 0px 0px 0px;border-color:#eae9e9;border-style:solid;\" ><div class=\"fusion-builder-row fusion-row fusion-flex-align-items-flex-start\" style=\"max-width:101.92%;margin-left: calc(-4% \/ 2 );margin-right: calc(-4% \/ 2 );\"><div class=\"fusion-layout-column fusion_builder_column fusion-builder-column-0 fusion_builder_column_1_1 1_1 fusion-flex-column\"><div class=\"fusion-column-wrapper fusion-flex-justify-content-flex-start fusion-content-layout-column\" style=\"background-position:left top;background-repeat:no-repeat;-webkit-background-size:cover;-moz-background-size:cover;-o-background-size:cover;background-size:cover;padding: 0px 0px 0px 0px;\"><style type=\"text\/css\">@media only screen and (max-width:1024px) {.fusion-title.fusion-title-1{margin-top:16px!important; margin-right:0px!important;margin-bottom:16px!important;margin-left:0px!important;}}@media only screen and (max-width:640px) {.fusion-title.fusion-title-1{margin-top:0px!important; margin-right:0px!important;margin-bottom:20px!important; margin-left:0px!important;}}<\/style><div class=\"fusion-title title fusion-title-1 fusion-sep-none fusion-title-text fusion-title-size-one\" style=\"margin-top:16px;margin-right:0px;margin-bottom:16px;margin-left:0px;\"><h1 class=\"title-heading-left fusion-responsive-typography-calculated\" style=\"margin:0;--fontSize:90;line-height:1.2;\"><h2 style=\"text-align: left;\">Acervo<\/h2><\/h1><\/div><div class=\"fusion-text fusion-text-1\"><p><em><strong>Acervo do Patrim\u00f4nio do Instituto Hist\u00f3rico e Geogr\u00e1fico de S\u00e3o Vicente<\/strong><\/em><br \/>\n<em><strong>\u2013 MONTANHAS E ENCOSTAS<\/strong><\/em><br \/>\n<em><strong>\u201356 x 38 cm &#8211; 2020<\/strong><\/em><\/p>\n<p><em><strong>Museo Bolivariano &#8211; Colombia<\/strong><\/em><br \/>\n<em><strong>\u2013 Flames of faith<\/strong><\/em><br \/>\n<em><strong>\u2013 56 x 38 cm \u2013 2020<\/strong><\/em><\/p>\n<p><em><strong>International watercolor museum <\/strong><\/em><em><strong>&#8211; Fabriano \u2013 Italia<\/strong><\/em><br \/>\n<em><strong>\u2013 There is always another day <\/strong><\/em><br \/>\n<em><strong>\u2013 56 x 76 cm &#8211; 2017<\/strong><\/em><\/p>\n<p><em><strong>International watercolor museum &#8211; <\/strong><\/em><em><strong>Fabriano \u2013 Italia<\/strong><\/em><br \/>\n<em><strong>\u2013 Um Raggio di Speranza <\/strong><\/em><br \/>\n<em><strong>\u2013 37,5 x 55 cm &#8211; 2016<\/strong><\/em><\/p>\n<p><em><strong>Embaixada do Brasil &#8211; M\u00e9xico<\/strong><\/em><br \/>\n<em><strong>\u2013 Uma viagem pela mem\u00f3ria <\/strong><\/em><br \/>\n<em><strong>\u2013 56 x 76 cm &#8211; 2004<\/strong><\/em><\/p>\n<p><b><i>Patrim\u00f4nio Art\u00edstico da Assembl\u00e9ia Legislativa<\/i><\/b><br \/>\n<b><i>\u2013 Aquarela &#8220;Paisagem Brasileira&#8221; 56 x 76 cm.<\/i><\/b><br \/>\n<b><i>\u2013 Local de Guarda: Pal\u00e1cio Nove de Julho \u2013 SP. &#8211; entrada 1-11-2002.<\/i><\/b><\/p>\n<p><b><i>FAMBRA<\/i><\/b><br \/>\n<b><i>\u2013 Federa\u00e7\u00e3o de Amigos de Museus do Brasil \u2013 Aquarela <\/i><\/b><br \/>\n<b><i>\u2013 &#8220;Do Verde da Mata ao Azul Do Mar&#8221; <\/i><\/b><br \/>\n<b><i><em><strong>\u2013 <\/strong><\/em>50 x 65 cm.<\/i><\/b><\/p>\n<p><b><i>C\u00e2mara de Ind\u00fastria, Com\u00e9rcio e Turismo BRASIL \u2013 M\u00c9XICO\u00a0<\/i><\/b><i>\u00a0<\/i><br \/>\n<b><i>\u2013 Aquarela \u2013 &#8220;Nas Profundezas do Infinito&#8221; <\/i><\/b><br \/>\n<b><i><em><strong>\u2013 <\/strong><\/em>50 x 65 cm.<\/i><\/b><\/p>\n<p><b><i>UNIFIEO \u2013 entrada em 12\/1991<\/i><\/b><br \/>\n<b><i>\u2013 &#8220;Paisagem&#8221; <\/i><\/b><br \/>\n<b><i><em><strong>\u2013 <\/strong><\/em>24 x 18 cm \u2013 obra 233.<\/i><\/b><\/p>\n<p><b><i>Pinacoteca Municipal<\/i><\/b><br \/>\n<b><i>\u2013 Aquarela &#8220;Buc\u00f3lico em Tempo de Paz&#8221; 1980 \u2013 48 x 61 cm<\/i><\/b><br \/>\n<b><i>\u2013 Local de Guarda : Centro Cultural de S\u00e3o Paulo\u00a0 \u2013 Tombo: 0000090377.<\/i><\/b><\/p>\n<\/div><\/div><style type=\"text\/css\">.fusion-body .fusion-builder-column-0{width:100% !important;margin-top : 20px;margin-bottom : 20px;}.fusion-builder-column-0 > .fusion-column-wrapper {padding-top : 0px !important;padding-right : 0px !important;margin-right : 1.92%;padding-bottom : 0px !important;padding-left : 0px !important;margin-left : 1.92%;}@media only screen and (max-width:1024px) {.fusion-body .fusion-builder-column-0{width:100% !important;order : 0;}.fusion-builder-column-0 > .fusion-column-wrapper {margin-right : 1.92%;margin-left : 1.92%;}}@media only screen and (max-width:640px) {.fusion-body .fusion-builder-column-0{width:100% !important;order : 0;}.fusion-builder-column-0 > .fusion-column-wrapper {margin-right : 1.92%;margin-left : 1.92%;}}<\/style><\/div><\/div><style type=\"text\/css\">.fusion-body .fusion-flex-container.fusion-builder-row-1{ padding-top : 0px;margin-top : 0px;padding-right : 0px;padding-bottom : 0px;margin-bottom : 0px;padding-left : 0px;}<\/style><\/div>\n","protected":false},"excerpt":{"rendered":"","protected":false},"author":1,"featured_media":0,"parent":0,"menu_order":0,"comment_status":"closed","ping_status":"closed","template":"","meta":{"jetpack_post_was_ever_published":false,"footnotes":""},"class_list":["post-2514","page","type-page","status-publish","hentry"],"yoast_head":"<!-- This site is optimized with the Yoast SEO plugin v23.9 - https:\/\/yoast.com\/wordpress\/plugins\/seo\/ -->\n<title>Acervo - Maria In\u00eas Lukacs<\/title>\n<meta name=\"robots\" content=\"index, follow, max-snippet:-1, max-image-preview:large, max-video-preview:-1\" \/>\n<link rel=\"canonical\" href=\"https:\/\/mariaineslukacs.com.br\/index.php\/acervo\/\" \/>\n<meta property=\"og:locale\" content=\"pt_BR\" \/>\n<meta property=\"og:type\" content=\"article\" \/>\n<meta property=\"og:title\" content=\"Acervo - Maria In\u00eas Lukacs\" \/>\n<meta property=\"og:url\" content=\"https:\/\/mariaineslukacs.com.br\/index.php\/acervo\/\" \/>\n<meta property=\"og:site_name\" content=\"Maria In\u00eas Lukacs\" \/>\n<meta property=\"article:modified_time\" content=\"2022-02-18T17:35:05+00:00\" \/>\n<meta name=\"twitter:card\" content=\"summary_large_image\" \/>\n<meta name=\"twitter:label1\" content=\"Est. tempo de leitura\" \/>\n\t<meta name=\"twitter:data1\" content=\"5 minutos\" \/>\n<script type=\"application\/ld+json\" class=\"yoast-schema-graph\">{\"@context\":\"https:\/\/schema.org\",\"@graph\":[{\"@type\":\"WebPage\",\"@id\":\"https:\/\/mariaineslukacs.com.br\/index.php\/acervo\/\",\"url\":\"https:\/\/mariaineslukacs.com.br\/index.php\/acervo\/\",\"name\":\"Acervo - Maria In\u00eas Lukacs\",\"isPartOf\":{\"@id\":\"https:\/\/mariaineslukacs.com.br\/#website\"},\"datePublished\":\"2022-01-22T19:12:09+00:00\",\"dateModified\":\"2022-02-18T17:35:05+00:00\",\"breadcrumb\":{\"@id\":\"https:\/\/mariaineslukacs.com.br\/index.php\/acervo\/#breadcrumb\"},\"inLanguage\":\"pt-BR\",\"potentialAction\":[{\"@type\":\"ReadAction\",\"target\":[\"https:\/\/mariaineslukacs.com.br\/index.php\/acervo\/\"]}]},{\"@type\":\"BreadcrumbList\",\"@id\":\"https:\/\/mariaineslukacs.com.br\/index.php\/acervo\/#breadcrumb\",\"itemListElement\":[{\"@type\":\"ListItem\",\"position\":1,\"name\":\"In\u00edcio\",\"item\":\"https:\/\/mariaineslukacs.com.br\/\"},{\"@type\":\"ListItem\",\"position\":2,\"name\":\"Acervo\"}]},{\"@type\":\"WebSite\",\"@id\":\"https:\/\/mariaineslukacs.com.br\/#website\",\"url\":\"https:\/\/mariaineslukacs.com.br\/\",\"name\":\"Maria In\u00eas Lukacs\",\"description\":\"Aquarelista premiada internacionalmente\",\"potentialAction\":[{\"@type\":\"SearchAction\",\"target\":{\"@type\":\"EntryPoint\",\"urlTemplate\":\"https:\/\/mariaineslukacs.com.br\/?s={search_term_string}\"},\"query-input\":{\"@type\":\"PropertyValueSpecification\",\"valueRequired\":true,\"valueName\":\"search_term_string\"}}],\"inLanguage\":\"pt-BR\"}]}<\/script>\n<!-- \/ Yoast SEO plugin. -->","yoast_head_json":{"title":"Acervo - Maria In\u00eas Lukacs","robots":{"index":"index","follow":"follow","max-snippet":"max-snippet:-1","max-image-preview":"max-image-preview:large","max-video-preview":"max-video-preview:-1"},"canonical":"https:\/\/mariaineslukacs.com.br\/index.php\/acervo\/","og_locale":"pt_BR","og_type":"article","og_title":"Acervo - Maria In\u00eas Lukacs","og_url":"https:\/\/mariaineslukacs.com.br\/index.php\/acervo\/","og_site_name":"Maria In\u00eas Lukacs","article_modified_time":"2022-02-18T17:35:05+00:00","twitter_card":"summary_large_image","twitter_misc":{"Est. tempo de leitura":"5 minutos"},"schema":{"@context":"https:\/\/schema.org","@graph":[{"@type":"WebPage","@id":"https:\/\/mariaineslukacs.com.br\/index.php\/acervo\/","url":"https:\/\/mariaineslukacs.com.br\/index.php\/acervo\/","name":"Acervo - Maria In\u00eas Lukacs","isPartOf":{"@id":"https:\/\/mariaineslukacs.com.br\/#website"},"datePublished":"2022-01-22T19:12:09+00:00","dateModified":"2022-02-18T17:35:05+00:00","breadcrumb":{"@id":"https:\/\/mariaineslukacs.com.br\/index.php\/acervo\/#breadcrumb"},"inLanguage":"pt-BR","potentialAction":[{"@type":"ReadAction","target":["https:\/\/mariaineslukacs.com.br\/index.php\/acervo\/"]}]},{"@type":"BreadcrumbList","@id":"https:\/\/mariaineslukacs.com.br\/index.php\/acervo\/#breadcrumb","itemListElement":[{"@type":"ListItem","position":1,"name":"In\u00edcio","item":"https:\/\/mariaineslukacs.com.br\/"},{"@type":"ListItem","position":2,"name":"Acervo"}]},{"@type":"WebSite","@id":"https:\/\/mariaineslukacs.com.br\/#website","url":"https:\/\/mariaineslukacs.com.br\/","name":"Maria In\u00eas Lukacs","description":"Aquarelista premiada internacionalmente","potentialAction":[{"@type":"SearchAction","target":{"@type":"EntryPoint","urlTemplate":"https:\/\/mariaineslukacs.com.br\/?s={search_term_string}"},"query-input":{"@type":"PropertyValueSpecification","valueRequired":true,"valueName":"search_term_string"}}],"inLanguage":"pt-BR"}]}},"jetpack_sharing_enabled":true,"jetpack-related-posts":[],"_links":{"self":[{"href":"https:\/\/mariaineslukacs.com.br\/index.php\/wp-json\/wp\/v2\/pages\/2514","targetHints":{"allow":["GET"]}}],"collection":[{"href":"https:\/\/mariaineslukacs.com.br\/index.php\/wp-json\/wp\/v2\/pages"}],"about":[{"href":"https:\/\/mariaineslukacs.com.br\/index.php\/wp-json\/wp\/v2\/types\/page"}],"author":[{"embeddable":true,"href":"https:\/\/mariaineslukacs.com.br\/index.php\/wp-json\/wp\/v2\/users\/1"}],"replies":[{"embeddable":true,"href":"https:\/\/mariaineslukacs.com.br\/index.php\/wp-json\/wp\/v2\/comments?post=2514"}],"version-history":[{"count":6,"href":"https:\/\/mariaineslukacs.com.br\/index.php\/wp-json\/wp\/v2\/pages\/2514\/revisions"}],"predecessor-version":[{"id":3063,"href":"https:\/\/mariaineslukacs.com.br\/index.php\/wp-json\/wp\/v2\/pages\/2514\/revisions\/3063"}],"wp:attachment":[{"href":"https:\/\/mariaineslukacs.com.br\/index.php\/wp-json\/wp\/v2\/media?parent=2514"}],"curies":[{"name":"wp","href":"https:\/\/api.w.org\/{rel}","templated":true}]}}