{"id":2101,"date":"2022-01-09T12:45:28","date_gmt":"2022-01-09T15:45:28","guid":{"rendered":"https:\/\/mariaineslukacs.com.br\/?page_id=2101"},"modified":"2022-01-09T12:45:28","modified_gmt":"2022-01-09T15:45:28","slug":"publicacoes","status":"publish","type":"page","link":"https:\/\/mariaineslukacs.com.br\/index.php\/publicacoes\/","title":{"rendered":"Publica\u00e7\u00f5es"},"content":{"rendered":"<div class=\"fusion-fullwidth fullwidth-box fusion-builder-row-1 fusion-flex-container nonhundred-percent-fullwidth non-hundred-percent-height-scrolling\" style=\"background-color: rgba(255,255,255,0);background-position: center center;background-repeat: no-repeat;border-width: 0px 0px 0px 0px;border-color:#eae9e9;border-style:solid;\" ><div class=\"fusion-builder-row fusion-row fusion-flex-align-items-flex-start\" style=\"max-width:101.92%;margin-left: calc(-4% \/ 2 );margin-right: calc(-4% \/ 2 );\"><div class=\"fusion-layout-column fusion_builder_column fusion-builder-column-0 fusion_builder_column_1_1 1_1 fusion-flex-column\"><div class=\"fusion-column-wrapper fusion-flex-justify-content-flex-start fusion-content-layout-column\" style=\"background-position:left top;background-repeat:no-repeat;-webkit-background-size:cover;-moz-background-size:cover;-o-background-size:cover;background-size:cover;padding: 0px 0px 0px 0px;\"><style type=\"text\/css\">@media only screen and (max-width:1024px) {.fusion-title.fusion-title-1{margin-top:16px!important; margin-right:0px!important;margin-bottom:16px!important;margin-left:0px!important;}}@media only screen and (max-width:640px) {.fusion-title.fusion-title-1{margin-top:0px!important; margin-right:0px!important;margin-bottom:20px!important; margin-left:0px!important;}}<\/style><div class=\"fusion-title title fusion-title-1 fusion-sep-none fusion-title-text fusion-title-size-one\" style=\"margin-top:16px;margin-right:0px;margin-bottom:16px;margin-left:0px;\"><h1 class=\"title-heading-left fusion-responsive-typography-calculated\" style=\"margin:0;--fontSize:90;line-height:1.2;\"><h3>Publica\u00e7\u00f5es<\/h3><\/h1><\/div><div class=\"fusion-text fusion-text-1\"><p><strong>2012 \u2013 AQUARELA A COR DA MEM\u00d3RIA<\/strong>\u00a0\u2013 25 anos de ABA \/ N\u00facleo<br \/>\n<strong>2006<\/strong>\u00a0\u2013\u00a0<strong>AQUARELA EM BAST\u00c3O<\/strong>\u00a0\u2013 Cole\u00e7\u00e3o Passo a Passo do Desenho e Pintura \u2013<br \/>\nEditora Online \u2013 Ano 1 \u2013 n\u00ba 6<br \/>\n<strong>2005<\/strong>\u00a0\u2013 Capas das Colet\u00e2neas de Reflex\u00f5es \u2013\u00a0<strong>AMOR &#8211; AMIZADE\u00a0 &#8211; FELICIDADE &#8211;<\/strong><br \/>\n<strong>\u00a0\u00a0\u00a0\u00a0\u00a0\u00a0\u00a0\u00a0\u00a0\u00a0\u00a0 MULHER\u00a0<\/strong>\u2013 Editora Melhoramentos<br \/>\n<strong>2002\u00a0<\/strong>\u2013 Capa do\u00a0<strong>CAT\u00c1LOGO ANUAL\u00a0\u00a0<\/strong>da<strong>\u00a0CANSON<\/strong>.<br \/>\n<strong>2002\u00a0<\/strong>\u2013 Texto e inclus\u00e3o no site de\u00a0<strong>OSCAR D\u00b4AMBROSIO<\/strong>\u00a0\u2013 junho..<br \/>\n<strong>2001 &#8211;\u00a0 ARTISTA HOMENAGEADA<\/strong>\u00a0pela Sociedade Mundial de Aquarelistas WWS &#8211; no Boletim<br \/>\nde 01 de janeiro de 2001 \u2013 San Diego \u2013 Calif\u00f3rnia &#8211; USA.<br \/>\n<strong>2001<\/strong>\u00a0\u2013 Obra reproduzida no\u00a0<strong>CAT\u00c1LOGO ANUAL\u00a0<\/strong>da\u00a0<strong>CANSON<\/strong><br \/>\n<strong>2001 &#8211;\u00a0 \u201cANU\u00c1RIO DA ARTE BRASILEIRA\u201d\u00a0<\/strong>reprodu\u00e7\u00e3o de aquarelas e texto &#8211; p\u00e1g. 53.<br \/>\n<strong>1999 -\u201cTRAJET\u00d3RIA DO ESQUECIMENTO\u201d<\/strong>livro de Givan Cravo\u00a0<strong>OBRA REPRODUZIDA P\u00c1GS F-\u00a0 H.\u00a0\u00a0\u00a0\u00a0\u00a0<\/strong><br \/>\n<strong>1998<\/strong>\u00a0\u2013\u00a0<strong>MONOGRAFIA<\/strong>\u00a0\u2013\u201cA Paisagem Vista Atrav\u00e9s da Massa Verde das \u00c1rvores\u201d\u2013<br \/>\nOrientadora\u00a0\u00a0<strong>IOLE DI NATALE<\/strong>.<br \/>\n<strong>1988<\/strong>\u00a0\u2013 Artista Selecionada\u00a0<strong>CART\u00d5ES DE NATAL DA LBA<\/strong>\u00a0\u2013 Exposi\u00e7\u00e3o LBA \u2013 Casa Tabacow<br \/>\n<strong>1985<\/strong>\u00a0&#8211;\u00a0<strong>OBRA\u00a0 REPRODUZIDA<\/strong>\u00a0no livro Artes Pl\u00e1sticas seu Mercado e seus Leil\u00f5es de J\u00falio<br \/>\nLouzada vol 01-\u00a0 \u00e9 verbete nos volumes 01-02-03-04-06-08-10-13<\/p>\n<\/div><\/div><style type=\"text\/css\">.fusion-body .fusion-builder-column-0{width:100% !important;margin-top : 20px;margin-bottom : 20px;}.fusion-builder-column-0 > .fusion-column-wrapper {padding-top : 0px !important;padding-right : 0px !important;margin-right : 1.92%;padding-bottom : 0px !important;padding-left : 0px !important;margin-left : 1.92%;}@media only screen and (max-width:1024px) {.fusion-body .fusion-builder-column-0{width:100% !important;order : 0;}.fusion-builder-column-0 > .fusion-column-wrapper {margin-right : 1.92%;margin-left : 1.92%;}}@media only screen and (max-width:640px) {.fusion-body .fusion-builder-column-0{width:100% !important;order : 0;}.fusion-builder-column-0 > .fusion-column-wrapper {margin-right : 1.92%;margin-left : 1.92%;}}<\/style><\/div><\/div><style type=\"text\/css\">.fusion-body .fusion-flex-container.fusion-builder-row-1{ padding-top : 0px;margin-top : 0px;padding-right : 0px;padding-bottom : 0px;margin-bottom : 0px;padding-left : 0px;}<\/style><\/div>\n","protected":false},"excerpt":{"rendered":"","protected":false},"author":1,"featured_media":0,"parent":0,"menu_order":0,"comment_status":"closed","ping_status":"closed","template":"","meta":{"jetpack_post_was_ever_published":false,"footnotes":""},"class_list":["post-2101","page","type-page","status-publish","hentry"],"yoast_head":"<!-- This site is optimized with the Yoast SEO plugin v23.9 - https:\/\/yoast.com\/wordpress\/plugins\/seo\/ -->\n<title>Publica\u00e7\u00f5es - Maria In\u00eas Lukacs<\/title>\n<meta name=\"robots\" content=\"index, follow, max-snippet:-1, max-image-preview:large, max-video-preview:-1\" \/>\n<link rel=\"canonical\" href=\"https:\/\/mariaineslukacs.com.br\/index.php\/publicacoes\/\" \/>\n<meta property=\"og:locale\" content=\"pt_BR\" \/>\n<meta property=\"og:type\" content=\"article\" \/>\n<meta property=\"og:title\" content=\"Publica\u00e7\u00f5es - Maria In\u00eas Lukacs\" \/>\n<meta property=\"og:url\" content=\"https:\/\/mariaineslukacs.com.br\/index.php\/publicacoes\/\" \/>\n<meta property=\"og:site_name\" content=\"Maria In\u00eas Lukacs\" \/>\n<meta name=\"twitter:card\" content=\"summary_large_image\" \/>\n<meta name=\"twitter:label1\" content=\"Est. tempo de leitura\" \/>\n\t<meta name=\"twitter:data1\" content=\"5 minutos\" \/>\n<script type=\"application\/ld+json\" class=\"yoast-schema-graph\">{\"@context\":\"https:\/\/schema.org\",\"@graph\":[{\"@type\":\"WebPage\",\"@id\":\"https:\/\/mariaineslukacs.com.br\/index.php\/publicacoes\/\",\"url\":\"https:\/\/mariaineslukacs.com.br\/index.php\/publicacoes\/\",\"name\":\"Publica\u00e7\u00f5es - Maria In\u00eas Lukacs\",\"isPartOf\":{\"@id\":\"https:\/\/mariaineslukacs.com.br\/#website\"},\"datePublished\":\"2022-01-09T15:45:28+00:00\",\"dateModified\":\"2022-01-09T15:45:28+00:00\",\"breadcrumb\":{\"@id\":\"https:\/\/mariaineslukacs.com.br\/index.php\/publicacoes\/#breadcrumb\"},\"inLanguage\":\"pt-BR\",\"potentialAction\":[{\"@type\":\"ReadAction\",\"target\":[\"https:\/\/mariaineslukacs.com.br\/index.php\/publicacoes\/\"]}]},{\"@type\":\"BreadcrumbList\",\"@id\":\"https:\/\/mariaineslukacs.com.br\/index.php\/publicacoes\/#breadcrumb\",\"itemListElement\":[{\"@type\":\"ListItem\",\"position\":1,\"name\":\"In\u00edcio\",\"item\":\"https:\/\/mariaineslukacs.com.br\/\"},{\"@type\":\"ListItem\",\"position\":2,\"name\":\"Publica\u00e7\u00f5es\"}]},{\"@type\":\"WebSite\",\"@id\":\"https:\/\/mariaineslukacs.com.br\/#website\",\"url\":\"https:\/\/mariaineslukacs.com.br\/\",\"name\":\"Maria In\u00eas Lukacs\",\"description\":\"Aquarelista premiada internacionalmente\",\"potentialAction\":[{\"@type\":\"SearchAction\",\"target\":{\"@type\":\"EntryPoint\",\"urlTemplate\":\"https:\/\/mariaineslukacs.com.br\/?s={search_term_string}\"},\"query-input\":{\"@type\":\"PropertyValueSpecification\",\"valueRequired\":true,\"valueName\":\"search_term_string\"}}],\"inLanguage\":\"pt-BR\"}]}<\/script>\n<!-- \/ Yoast SEO plugin. -->","yoast_head_json":{"title":"Publica\u00e7\u00f5es - Maria In\u00eas Lukacs","robots":{"index":"index","follow":"follow","max-snippet":"max-snippet:-1","max-image-preview":"max-image-preview:large","max-video-preview":"max-video-preview:-1"},"canonical":"https:\/\/mariaineslukacs.com.br\/index.php\/publicacoes\/","og_locale":"pt_BR","og_type":"article","og_title":"Publica\u00e7\u00f5es - Maria In\u00eas Lukacs","og_url":"https:\/\/mariaineslukacs.com.br\/index.php\/publicacoes\/","og_site_name":"Maria In\u00eas Lukacs","twitter_card":"summary_large_image","twitter_misc":{"Est. tempo de leitura":"5 minutos"},"schema":{"@context":"https:\/\/schema.org","@graph":[{"@type":"WebPage","@id":"https:\/\/mariaineslukacs.com.br\/index.php\/publicacoes\/","url":"https:\/\/mariaineslukacs.com.br\/index.php\/publicacoes\/","name":"Publica\u00e7\u00f5es - Maria In\u00eas Lukacs","isPartOf":{"@id":"https:\/\/mariaineslukacs.com.br\/#website"},"datePublished":"2022-01-09T15:45:28+00:00","dateModified":"2022-01-09T15:45:28+00:00","breadcrumb":{"@id":"https:\/\/mariaineslukacs.com.br\/index.php\/publicacoes\/#breadcrumb"},"inLanguage":"pt-BR","potentialAction":[{"@type":"ReadAction","target":["https:\/\/mariaineslukacs.com.br\/index.php\/publicacoes\/"]}]},{"@type":"BreadcrumbList","@id":"https:\/\/mariaineslukacs.com.br\/index.php\/publicacoes\/#breadcrumb","itemListElement":[{"@type":"ListItem","position":1,"name":"In\u00edcio","item":"https:\/\/mariaineslukacs.com.br\/"},{"@type":"ListItem","position":2,"name":"Publica\u00e7\u00f5es"}]},{"@type":"WebSite","@id":"https:\/\/mariaineslukacs.com.br\/#website","url":"https:\/\/mariaineslukacs.com.br\/","name":"Maria In\u00eas Lukacs","description":"Aquarelista premiada internacionalmente","potentialAction":[{"@type":"SearchAction","target":{"@type":"EntryPoint","urlTemplate":"https:\/\/mariaineslukacs.com.br\/?s={search_term_string}"},"query-input":{"@type":"PropertyValueSpecification","valueRequired":true,"valueName":"search_term_string"}}],"inLanguage":"pt-BR"}]}},"jetpack_sharing_enabled":true,"jetpack-related-posts":[],"_links":{"self":[{"href":"https:\/\/mariaineslukacs.com.br\/index.php\/wp-json\/wp\/v2\/pages\/2101","targetHints":{"allow":["GET"]}}],"collection":[{"href":"https:\/\/mariaineslukacs.com.br\/index.php\/wp-json\/wp\/v2\/pages"}],"about":[{"href":"https:\/\/mariaineslukacs.com.br\/index.php\/wp-json\/wp\/v2\/types\/page"}],"author":[{"embeddable":true,"href":"https:\/\/mariaineslukacs.com.br\/index.php\/wp-json\/wp\/v2\/users\/1"}],"replies":[{"embeddable":true,"href":"https:\/\/mariaineslukacs.com.br\/index.php\/wp-json\/wp\/v2\/comments?post=2101"}],"version-history":[{"count":1,"href":"https:\/\/mariaineslukacs.com.br\/index.php\/wp-json\/wp\/v2\/pages\/2101\/revisions"}],"predecessor-version":[{"id":2102,"href":"https:\/\/mariaineslukacs.com.br\/index.php\/wp-json\/wp\/v2\/pages\/2101\/revisions\/2102"}],"wp:attachment":[{"href":"https:\/\/mariaineslukacs.com.br\/index.php\/wp-json\/wp\/v2\/media?parent=2101"}],"curies":[{"name":"wp","href":"https:\/\/api.w.org\/{rel}","templated":true}]}}