{"id":2097,"date":"2022-01-09T12:41:42","date_gmt":"2022-01-09T15:41:42","guid":{"rendered":"https:\/\/mariaineslukacs.com.br\/?page_id=2097"},"modified":"2022-01-23T11:25:57","modified_gmt":"2022-01-23T14:25:57","slug":"curadoria","status":"publish","type":"page","link":"https:\/\/mariaineslukacs.com.br\/index.php\/curadoria\/","title":{"rendered":"Curadoria"},"content":{"rendered":"<div class=\"fusion-fullwidth fullwidth-box fusion-builder-row-1 fusion-flex-container nonhundred-percent-fullwidth non-hundred-percent-height-scrolling\" style=\"background-color: rgba(255,255,255,0);background-position: center center;background-repeat: no-repeat;border-width: 0px 0px 0px 0px;border-color:#eae9e9;border-style:solid;\" ><div class=\"fusion-builder-row fusion-row fusion-flex-align-items-flex-start\" style=\"max-width:101.92%;margin-left: calc(-4% \/ 2 );margin-right: calc(-4% \/ 2 );\"><div class=\"fusion-layout-column fusion_builder_column fusion-builder-column-0 fusion_builder_column_1_1 1_1 fusion-flex-column\"><div class=\"fusion-column-wrapper fusion-flex-justify-content-flex-start fusion-content-layout-column\" style=\"background-position:left top;background-repeat:no-repeat;-webkit-background-size:cover;-moz-background-size:cover;-o-background-size:cover;background-size:cover;padding: 0px 0px 0px 0px;\"><style type=\"text\/css\">@media only screen and (max-width:1024px) {.fusion-title.fusion-title-1{margin-top:16px!important; margin-right:0px!important;margin-bottom:16px!important;margin-left:0px!important;}}@media only screen and (max-width:640px) {.fusion-title.fusion-title-1{margin-top:0px!important; margin-right:0px!important;margin-bottom:20px!important; margin-left:0px!important;}}<\/style><div class=\"fusion-title title fusion-title-1 fusion-sep-none fusion-title-text fusion-title-size-one\" style=\"margin-top:16px;margin-right:0px;margin-bottom:16px;margin-left:0px;\"><h1 class=\"title-heading-left fusion-responsive-typography-calculated\" style=\"margin:0;--fontSize:90;line-height:1.2;\"><h3>Curadoria<\/h3><\/h1><\/div><div class=\"fusion-text fusion-text-1\"><p><strong>2021 &#8211; Caminhos da Primavera -IHGSV &#8211; <\/strong> S\u00e3o Vicente<br \/>\n<strong>2021 &#8211; Dos Momentos e Alegrias <\/strong>&#8211; Pinacoteca de S\u00e3o Caetano<br \/>\n<strong>2016 &#8211; FESTIVAL DE AQUARELAS &#8211; ABA &#8211;\u00a0<\/strong>Biblioteca M\u00e1rio Schenberg &#8211; SP<br \/>\n<strong>2015 &#8211; AQUARELAS NA BIBLIOTECA &#8211; ABA<\/strong> &#8211; Biblioteca M\u00e1rio Schenberg &#8211; SP<br \/>\n<strong>2002 \u2013 \u201cAQUARELAS E GRAVURAS DO N\u00daCLEO DE AQUARELISTAS DA FASM\u201d<\/strong> \u2013 Associa\u00e7\u00e3o Comercial de S\u00e3o Paulo \u2013 SP.<br \/>\n<strong>2001 &#8211; \u201cIMAGES OF MALAYSIA S\u00c3O PAULO 2001\u201d<\/strong> \u2013 Eugenie Villien \u2013 FASM.<br \/>\n<strong>2000 &#8211; \u201c AQUARELA 2000 \u2013 \u00c0S PORTAS DO MIL\u00caNIO \u201d<\/strong> &#8211; Museu de Arte Contempor\u00e2nea de Americana \u2013 SP.<\/p>\n<\/div><\/div><style type=\"text\/css\">.fusion-body .fusion-builder-column-0{width:100% !important;margin-top : 20px;margin-bottom : 20px;}.fusion-builder-column-0 > .fusion-column-wrapper {padding-top : 0px !important;padding-right : 0px !important;margin-right : 1.92%;padding-bottom : 0px !important;padding-left : 0px !important;margin-left : 1.92%;}@media only screen and (max-width:1024px) {.fusion-body .fusion-builder-column-0{width:100% !important;order : 0;}.fusion-builder-column-0 > .fusion-column-wrapper {margin-right : 1.92%;margin-left : 1.92%;}}@media only screen and (max-width:640px) {.fusion-body .fusion-builder-column-0{width:100% !important;order : 0;}.fusion-builder-column-0 > .fusion-column-wrapper {margin-right : 1.92%;margin-left : 1.92%;}}<\/style><\/div><\/div><style type=\"text\/css\">.fusion-body .fusion-flex-container.fusion-builder-row-1{ padding-top : 0px;margin-top : 0px;padding-right : 0px;padding-bottom : 0px;margin-bottom : 0px;padding-left : 0px;}<\/style><\/div>\n","protected":false},"excerpt":{"rendered":"","protected":false},"author":1,"featured_media":0,"parent":0,"menu_order":0,"comment_status":"closed","ping_status":"closed","template":"","meta":{"jetpack_post_was_ever_published":false,"footnotes":""},"class_list":["post-2097","page","type-page","status-publish","hentry"],"yoast_head":"<!-- This site is optimized with the Yoast SEO plugin v23.9 - https:\/\/yoast.com\/wordpress\/plugins\/seo\/ -->\n<title>Curadoria - Maria In\u00eas Lukacs<\/title>\n<meta name=\"robots\" content=\"index, follow, max-snippet:-1, max-image-preview:large, max-video-preview:-1\" \/>\n<link rel=\"canonical\" href=\"https:\/\/mariaineslukacs.com.br\/index.php\/curadoria\/\" \/>\n<meta property=\"og:locale\" content=\"pt_BR\" \/>\n<meta property=\"og:type\" content=\"article\" \/>\n<meta property=\"og:title\" content=\"Curadoria - Maria In\u00eas Lukacs\" \/>\n<meta property=\"og:url\" content=\"https:\/\/mariaineslukacs.com.br\/index.php\/curadoria\/\" \/>\n<meta property=\"og:site_name\" content=\"Maria In\u00eas Lukacs\" \/>\n<meta property=\"article:modified_time\" content=\"2022-01-23T14:25:57+00:00\" \/>\n<meta name=\"twitter:card\" content=\"summary_large_image\" \/>\n<meta name=\"twitter:label1\" content=\"Est. tempo de leitura\" \/>\n\t<meta name=\"twitter:data1\" content=\"3 minutos\" \/>\n<script type=\"application\/ld+json\" class=\"yoast-schema-graph\">{\"@context\":\"https:\/\/schema.org\",\"@graph\":[{\"@type\":\"WebPage\",\"@id\":\"https:\/\/mariaineslukacs.com.br\/index.php\/curadoria\/\",\"url\":\"https:\/\/mariaineslukacs.com.br\/index.php\/curadoria\/\",\"name\":\"Curadoria - Maria In\u00eas Lukacs\",\"isPartOf\":{\"@id\":\"https:\/\/mariaineslukacs.com.br\/#website\"},\"datePublished\":\"2022-01-09T15:41:42+00:00\",\"dateModified\":\"2022-01-23T14:25:57+00:00\",\"breadcrumb\":{\"@id\":\"https:\/\/mariaineslukacs.com.br\/index.php\/curadoria\/#breadcrumb\"},\"inLanguage\":\"pt-BR\",\"potentialAction\":[{\"@type\":\"ReadAction\",\"target\":[\"https:\/\/mariaineslukacs.com.br\/index.php\/curadoria\/\"]}]},{\"@type\":\"BreadcrumbList\",\"@id\":\"https:\/\/mariaineslukacs.com.br\/index.php\/curadoria\/#breadcrumb\",\"itemListElement\":[{\"@type\":\"ListItem\",\"position\":1,\"name\":\"In\u00edcio\",\"item\":\"https:\/\/mariaineslukacs.com.br\/\"},{\"@type\":\"ListItem\",\"position\":2,\"name\":\"Curadoria\"}]},{\"@type\":\"WebSite\",\"@id\":\"https:\/\/mariaineslukacs.com.br\/#website\",\"url\":\"https:\/\/mariaineslukacs.com.br\/\",\"name\":\"Maria In\u00eas Lukacs\",\"description\":\"Aquarelista premiada internacionalmente\",\"potentialAction\":[{\"@type\":\"SearchAction\",\"target\":{\"@type\":\"EntryPoint\",\"urlTemplate\":\"https:\/\/mariaineslukacs.com.br\/?s={search_term_string}\"},\"query-input\":{\"@type\":\"PropertyValueSpecification\",\"valueRequired\":true,\"valueName\":\"search_term_string\"}}],\"inLanguage\":\"pt-BR\"}]}<\/script>\n<!-- \/ Yoast SEO plugin. -->","yoast_head_json":{"title":"Curadoria - Maria In\u00eas Lukacs","robots":{"index":"index","follow":"follow","max-snippet":"max-snippet:-1","max-image-preview":"max-image-preview:large","max-video-preview":"max-video-preview:-1"},"canonical":"https:\/\/mariaineslukacs.com.br\/index.php\/curadoria\/","og_locale":"pt_BR","og_type":"article","og_title":"Curadoria - Maria In\u00eas Lukacs","og_url":"https:\/\/mariaineslukacs.com.br\/index.php\/curadoria\/","og_site_name":"Maria In\u00eas Lukacs","article_modified_time":"2022-01-23T14:25:57+00:00","twitter_card":"summary_large_image","twitter_misc":{"Est. tempo de leitura":"3 minutos"},"schema":{"@context":"https:\/\/schema.org","@graph":[{"@type":"WebPage","@id":"https:\/\/mariaineslukacs.com.br\/index.php\/curadoria\/","url":"https:\/\/mariaineslukacs.com.br\/index.php\/curadoria\/","name":"Curadoria - Maria In\u00eas Lukacs","isPartOf":{"@id":"https:\/\/mariaineslukacs.com.br\/#website"},"datePublished":"2022-01-09T15:41:42+00:00","dateModified":"2022-01-23T14:25:57+00:00","breadcrumb":{"@id":"https:\/\/mariaineslukacs.com.br\/index.php\/curadoria\/#breadcrumb"},"inLanguage":"pt-BR","potentialAction":[{"@type":"ReadAction","target":["https:\/\/mariaineslukacs.com.br\/index.php\/curadoria\/"]}]},{"@type":"BreadcrumbList","@id":"https:\/\/mariaineslukacs.com.br\/index.php\/curadoria\/#breadcrumb","itemListElement":[{"@type":"ListItem","position":1,"name":"In\u00edcio","item":"https:\/\/mariaineslukacs.com.br\/"},{"@type":"ListItem","position":2,"name":"Curadoria"}]},{"@type":"WebSite","@id":"https:\/\/mariaineslukacs.com.br\/#website","url":"https:\/\/mariaineslukacs.com.br\/","name":"Maria In\u00eas Lukacs","description":"Aquarelista premiada internacionalmente","potentialAction":[{"@type":"SearchAction","target":{"@type":"EntryPoint","urlTemplate":"https:\/\/mariaineslukacs.com.br\/?s={search_term_string}"},"query-input":{"@type":"PropertyValueSpecification","valueRequired":true,"valueName":"search_term_string"}}],"inLanguage":"pt-BR"}]}},"jetpack_sharing_enabled":true,"jetpack-related-posts":[],"_links":{"self":[{"href":"https:\/\/mariaineslukacs.com.br\/index.php\/wp-json\/wp\/v2\/pages\/2097","targetHints":{"allow":["GET"]}}],"collection":[{"href":"https:\/\/mariaineslukacs.com.br\/index.php\/wp-json\/wp\/v2\/pages"}],"about":[{"href":"https:\/\/mariaineslukacs.com.br\/index.php\/wp-json\/wp\/v2\/types\/page"}],"author":[{"embeddable":true,"href":"https:\/\/mariaineslukacs.com.br\/index.php\/wp-json\/wp\/v2\/users\/1"}],"replies":[{"embeddable":true,"href":"https:\/\/mariaineslukacs.com.br\/index.php\/wp-json\/wp\/v2\/comments?post=2097"}],"version-history":[{"count":7,"href":"https:\/\/mariaineslukacs.com.br\/index.php\/wp-json\/wp\/v2\/pages\/2097\/revisions"}],"predecessor-version":[{"id":2768,"href":"https:\/\/mariaineslukacs.com.br\/index.php\/wp-json\/wp\/v2\/pages\/2097\/revisions\/2768"}],"wp:attachment":[{"href":"https:\/\/mariaineslukacs.com.br\/index.php\/wp-json\/wp\/v2\/media?parent=2097"}],"curies":[{"name":"wp","href":"https:\/\/api.w.org\/{rel}","templated":true}]}}