{"id":1857,"date":"2022-01-08T16:14:15","date_gmt":"2022-01-08T19:14:15","guid":{"rendered":"https:\/\/mariaineslukacs.com.br\/?page_id=1857"},"modified":"2022-01-09T12:51:40","modified_gmt":"2022-01-09T15:51:40","slug":"sobre","status":"publish","type":"page","link":"https:\/\/mariaineslukacs.com.br\/index.php\/sobre\/","title":{"rendered":"Sobre"},"content":{"rendered":"<div class=\"fusion-fullwidth fullwidth-box fusion-builder-row-1 fusion-flex-container nonhundred-percent-fullwidth non-hundred-percent-height-scrolling\" style=\"background-color: #c97d36;background-position: center center;background-repeat: no-repeat;border-width: 0px 0px 0px 0px;border-color:#eae9e9;border-style:solid;\" ><div class=\"fusion-builder-row fusion-row fusion-flex-align-items-flex-start\" style=\"max-width:101.92%;margin-left: calc(-4% \/ 2 );margin-right: calc(-4% \/ 2 );\"><div class=\"fusion-layout-column fusion_builder_column fusion-builder-column-0 fusion_builder_column_1_1 1_1 fusion-flex-column\"><div class=\"fusion-column-wrapper fusion-column-has-shadow fusion-flex-justify-content-flex-start fusion-content-layout-column\" style=\"background-image: url(&#039;https:\/\/mariaineslukacs.com.br\/wp-content\/uploads\/2021\/05\/50-300x220.jpg&#039;);background-position:left top;background-repeat:no-repeat;-webkit-background-size:cover;-moz-background-size:cover;-o-background-size:cover;background-size:cover;box-shadow:0px 0px ;;padding: 0px 25px 0px 25px;\" data-bg-url=\"https:\/\/mariaineslukacs.com.br\/wp-content\/uploads\/2021\/05\/50-300x220.jpg\"><style type=\"text\/css\">@media only screen and (max-width:1024px) {.fusion-title.fusion-title-1{margin-top:30px!important; margin-right:0px!important;margin-bottom:16px!important;margin-left:0px!important;}}@media only screen and (max-width:640px) {.fusion-title.fusion-title-1{margin-top:0px!important; margin-right:0px!important;margin-bottom:20px!important; margin-left:0px!important;}}<\/style><div class=\"fusion-title title fusion-title-1 fusion-sep-none fusion-title-text fusion-title-size-one\" style=\"margin-top:30px;margin-right:0px;margin-bottom:16px;margin-left:0px;\"><h1 class=\"title-heading-left fusion-responsive-typography-calculated\" style=\"margin:0;--fontSize:90;line-height:1.2;\"><h1 style=\"text-align: center;\">Resum\u00e9e<\/h1><\/h1><\/div><div class=\"fusion-text fusion-text-1\"><p><strong>Maria In\u00eas Lukacs nasceu em Bauru, em 1947. Estudou belas artes na Casa S\u00e3o Vicente de Paula (1969) e formou-se na Faculdade de Filosofia, Ci\u00eancias e Letras Oswaldo Cruz (1987). Desde 1991, \u00e9 membro do N\u00facleo de Aquarelistas da Faculdade de Artes Santa Marcelina, S\u00e3o Paulo, e a partir de 1994, ocupa o cargo de Secret\u00e1ria Internacional do referido grupo. Obteve P\u00f3s-Gradua\u00e7\u00e3o em Artes Pl\u00e1sticas &#8221; pintura em aquarela &#8221; na Faculdade Santa Marcelina. Participou do Workshop em Aquarela com Dom Kingman, em Nova Iorque (1998).<\/strong><\/p>\n<p><strong>Desde 1967, participou de in\u00fameras exposi\u00e7\u00f5es coletivas, em S\u00e3o Paulo, destacando-se no exterior, na Art Gallery, Hartford, Connecticut, Estados Unidos (1990); Museo Nacional de La Acuarela Coyoac\u00e1n, Cidade do M\u00e9xico (1996); Galeria Pannonia, Sopron, Hungria (1997); Scuola Internazionale di Gr\u00e1fica, Veneza, It\u00e1lia; Galeria Candido Portinari, Embaixada do Brasil, Roma, It\u00e1lia (2000); Galeria do Union\u00b4s Club de Frankfurt e na Spark\u00e4sse de Giessen, Alemanha (2000); IBRIT, Mil\u00e3o, It\u00e1lia (2001).<\/strong><\/p>\n<p><strong>Das exposi\u00e7\u00f5es individuais, iniciadas em 1982 na Galeria de Arte da UCBEU de S\u00e3o Paulo, podemos ressaltar, tamb\u00e9m, sua participa\u00e7\u00e3o no Centro Cultural S\u00e3o Paulo (1987); Asian Watercolours\u00b497, Cingapura, representando o Brasil como convidada especial (1997); &#8220;\u00c1rvores e Paisagens Brasileiras&#8221;, Haus Rosenbrunn, Frankfurt, Alemanha (2000); &#8220;Matas e Paisagens Brasileiras&#8221;, UCBEU, S\u00e3o Paulo (2000); &#8220;The Amazon, a link between Brazil and Guyana&#8221;, Georgtown, Guiana (2002); e Anfavea, Sal\u00e3o do Autom\u00f3vel, S\u00e3o Paulo (2002).<\/strong><\/p>\n<p><strong>Participou ainda de in\u00fameros sal\u00f5es de arte, em S\u00e3o Paulo, no interior, na Cidade do M\u00e9xico, tendo recebido v\u00e1rios pr\u00eamios e medalhas de ouro. Foi curadora da Exposi\u00e7\u00e3o &#8220;Aquarela 2000, \u00c0s Portas do Mil\u00eanio&#8221;, Museu de Arte Contempor\u00e2nea de Americana (2000); da Exposi\u00e7\u00e3o &#8220;Images of Malaysia&#8221;, Espa\u00e7o Cultural Eugenie Villien, S\u00e3o Paulo (2001) e &#8220;Aquarela e Gravuras&#8221; do N\u00facleo de Aquarelistas da FASM, Associa\u00e7\u00e3o Comercial de S\u00e3o Paulo (2002).<\/strong><\/p>\n<p><strong>\u00c9 associada da Sociedade Americana de Aquarelista, AWS (1998). Suas obras encontram-se em cole\u00e7\u00f5es oficiais e particulares, notadamente no acervo da Pinacoteca Municipal de S\u00e3o Paulo e do Centro Cultural de S\u00e3o Paulo, bem como da UNIFIEO.<\/strong><\/p>\n<\/div><\/div><style type=\"text\/css\">.fusion-body .fusion-builder-column-0{width:100% !important;margin-top : 20px;margin-bottom : 20px;}.fusion-builder-column-0 > .fusion-column-wrapper {padding-top : 0px !important;padding-right : 25px !important;margin-right : 1.92%;padding-bottom : 0px !important;padding-left : 25px !important;margin-left : 1.92%;}@media only screen and (max-width:1024px) {.fusion-body .fusion-builder-column-0{width:100% !important;order : 0;}.fusion-builder-column-0 > .fusion-column-wrapper {margin-right : 1.92%;margin-left : 1.92%;}}@media only screen and (max-width:640px) {.fusion-body .fusion-builder-column-0{width:100% !important;order : 0;}.fusion-builder-column-0 > .fusion-column-wrapper {margin-right : 1.92%;margin-left : 1.92%;}}<\/style><\/div><\/div><style type=\"text\/css\">.fusion-body .fusion-flex-container.fusion-builder-row-1{ padding-top : 0px;margin-top : 0px;padding-right : 0px;padding-bottom : 0px;margin-bottom : 0px;padding-left : 0px;}<\/style><\/div>\n","protected":false},"excerpt":{"rendered":"","protected":false},"author":1,"featured_media":0,"parent":0,"menu_order":0,"comment_status":"closed","ping_status":"closed","template":"","meta":{"jetpack_post_was_ever_published":false,"footnotes":""},"class_list":["post-1857","page","type-page","status-publish","hentry"],"yoast_head":"<!-- This site is optimized with the Yoast SEO plugin v23.9 - https:\/\/yoast.com\/wordpress\/plugins\/seo\/ -->\n<title>Sobre - Maria In\u00eas Lukacs<\/title>\n<meta name=\"robots\" content=\"index, follow, max-snippet:-1, max-image-preview:large, max-video-preview:-1\" \/>\n<link rel=\"canonical\" href=\"https:\/\/mariaineslukacs.com.br\/index.php\/sobre\/\" \/>\n<meta property=\"og:locale\" content=\"pt_BR\" \/>\n<meta property=\"og:type\" content=\"article\" \/>\n<meta property=\"og:title\" content=\"Sobre - Maria In\u00eas Lukacs\" \/>\n<meta property=\"og:url\" content=\"https:\/\/mariaineslukacs.com.br\/index.php\/sobre\/\" \/>\n<meta property=\"og:site_name\" content=\"Maria In\u00eas Lukacs\" \/>\n<meta property=\"article:modified_time\" content=\"2022-01-09T15:51:40+00:00\" \/>\n<meta name=\"twitter:card\" content=\"summary_large_image\" \/>\n<meta name=\"twitter:label1\" content=\"Est. tempo de leitura\" \/>\n\t<meta name=\"twitter:data1\" content=\"4 minutos\" \/>\n<script type=\"application\/ld+json\" class=\"yoast-schema-graph\">{\"@context\":\"https:\/\/schema.org\",\"@graph\":[{\"@type\":\"WebPage\",\"@id\":\"https:\/\/mariaineslukacs.com.br\/index.php\/sobre\/\",\"url\":\"https:\/\/mariaineslukacs.com.br\/index.php\/sobre\/\",\"name\":\"Sobre - Maria In\u00eas Lukacs\",\"isPartOf\":{\"@id\":\"https:\/\/mariaineslukacs.com.br\/#website\"},\"datePublished\":\"2022-01-08T19:14:15+00:00\",\"dateModified\":\"2022-01-09T15:51:40+00:00\",\"breadcrumb\":{\"@id\":\"https:\/\/mariaineslukacs.com.br\/index.php\/sobre\/#breadcrumb\"},\"inLanguage\":\"pt-BR\",\"potentialAction\":[{\"@type\":\"ReadAction\",\"target\":[\"https:\/\/mariaineslukacs.com.br\/index.php\/sobre\/\"]}]},{\"@type\":\"BreadcrumbList\",\"@id\":\"https:\/\/mariaineslukacs.com.br\/index.php\/sobre\/#breadcrumb\",\"itemListElement\":[{\"@type\":\"ListItem\",\"position\":1,\"name\":\"In\u00edcio\",\"item\":\"https:\/\/mariaineslukacs.com.br\/\"},{\"@type\":\"ListItem\",\"position\":2,\"name\":\"Sobre\"}]},{\"@type\":\"WebSite\",\"@id\":\"https:\/\/mariaineslukacs.com.br\/#website\",\"url\":\"https:\/\/mariaineslukacs.com.br\/\",\"name\":\"Maria In\u00eas Lukacs\",\"description\":\"Aquarelista premiada internacionalmente\",\"potentialAction\":[{\"@type\":\"SearchAction\",\"target\":{\"@type\":\"EntryPoint\",\"urlTemplate\":\"https:\/\/mariaineslukacs.com.br\/?s={search_term_string}\"},\"query-input\":{\"@type\":\"PropertyValueSpecification\",\"valueRequired\":true,\"valueName\":\"search_term_string\"}}],\"inLanguage\":\"pt-BR\"}]}<\/script>\n<!-- \/ Yoast SEO plugin. -->","yoast_head_json":{"title":"Sobre - Maria In\u00eas Lukacs","robots":{"index":"index","follow":"follow","max-snippet":"max-snippet:-1","max-image-preview":"max-image-preview:large","max-video-preview":"max-video-preview:-1"},"canonical":"https:\/\/mariaineslukacs.com.br\/index.php\/sobre\/","og_locale":"pt_BR","og_type":"article","og_title":"Sobre - Maria In\u00eas Lukacs","og_url":"https:\/\/mariaineslukacs.com.br\/index.php\/sobre\/","og_site_name":"Maria In\u00eas Lukacs","article_modified_time":"2022-01-09T15:51:40+00:00","twitter_card":"summary_large_image","twitter_misc":{"Est. tempo de leitura":"4 minutos"},"schema":{"@context":"https:\/\/schema.org","@graph":[{"@type":"WebPage","@id":"https:\/\/mariaineslukacs.com.br\/index.php\/sobre\/","url":"https:\/\/mariaineslukacs.com.br\/index.php\/sobre\/","name":"Sobre - Maria In\u00eas Lukacs","isPartOf":{"@id":"https:\/\/mariaineslukacs.com.br\/#website"},"datePublished":"2022-01-08T19:14:15+00:00","dateModified":"2022-01-09T15:51:40+00:00","breadcrumb":{"@id":"https:\/\/mariaineslukacs.com.br\/index.php\/sobre\/#breadcrumb"},"inLanguage":"pt-BR","potentialAction":[{"@type":"ReadAction","target":["https:\/\/mariaineslukacs.com.br\/index.php\/sobre\/"]}]},{"@type":"BreadcrumbList","@id":"https:\/\/mariaineslukacs.com.br\/index.php\/sobre\/#breadcrumb","itemListElement":[{"@type":"ListItem","position":1,"name":"In\u00edcio","item":"https:\/\/mariaineslukacs.com.br\/"},{"@type":"ListItem","position":2,"name":"Sobre"}]},{"@type":"WebSite","@id":"https:\/\/mariaineslukacs.com.br\/#website","url":"https:\/\/mariaineslukacs.com.br\/","name":"Maria In\u00eas Lukacs","description":"Aquarelista premiada internacionalmente","potentialAction":[{"@type":"SearchAction","target":{"@type":"EntryPoint","urlTemplate":"https:\/\/mariaineslukacs.com.br\/?s={search_term_string}"},"query-input":{"@type":"PropertyValueSpecification","valueRequired":true,"valueName":"search_term_string"}}],"inLanguage":"pt-BR"}]}},"jetpack_sharing_enabled":true,"jetpack-related-posts":[],"_links":{"self":[{"href":"https:\/\/mariaineslukacs.com.br\/index.php\/wp-json\/wp\/v2\/pages\/1857","targetHints":{"allow":["GET"]}}],"collection":[{"href":"https:\/\/mariaineslukacs.com.br\/index.php\/wp-json\/wp\/v2\/pages"}],"about":[{"href":"https:\/\/mariaineslukacs.com.br\/index.php\/wp-json\/wp\/v2\/types\/page"}],"author":[{"embeddable":true,"href":"https:\/\/mariaineslukacs.com.br\/index.php\/wp-json\/wp\/v2\/users\/1"}],"replies":[{"embeddable":true,"href":"https:\/\/mariaineslukacs.com.br\/index.php\/wp-json\/wp\/v2\/comments?post=1857"}],"version-history":[{"count":8,"href":"https:\/\/mariaineslukacs.com.br\/index.php\/wp-json\/wp\/v2\/pages\/1857\/revisions"}],"predecessor-version":[{"id":2105,"href":"https:\/\/mariaineslukacs.com.br\/index.php\/wp-json\/wp\/v2\/pages\/1857\/revisions\/2105"}],"wp:attachment":[{"href":"https:\/\/mariaineslukacs.com.br\/index.php\/wp-json\/wp\/v2\/media?parent=1857"}],"curies":[{"name":"wp","href":"https:\/\/api.w.org\/{rel}","templated":true}]}}